{"id":134,"date":"2021-03-04T17:29:26","date_gmt":"2021-03-04T16:29:26","guid":{"rendered":"https:\/\/adc.ruzivo.pl\/?page_id=134"},"modified":"2021-05-19T10:53:48","modified_gmt":"2021-05-19T08:53:48","slug":"serwis","status":"publish","type":"page","link":"https:\/\/adc.ruzivo.cal24.pl\/?page_id=134","title":{"rendered":"Serwis"},"content":{"rendered":"<p>[et_pb_section fb_built=&#8221;1&#8243; fullwidth=&#8221;on&#8221; _builder_version=&#8221;4.6.3&#8243; _module_preset=&#8221;default&#8221;][et_pb_fullwidth_header title=&#8221;@ET-DC@eyJkeW5hbWljIjp0cnVlLCJjb250ZW50IjoicG9zdF90aXRsZSIsInNldHRpbmdzIjp7ImJlZm9yZSI6IiIsImFmdGVyIjoiIn19@&#8221; _builder_version=&#8221;4.6.3&#8243; _dynamic_attributes=&#8221;title&#8221; _module_preset=&#8221;default&#8221; title_font=&#8221;||||||||&#8221; title_text_color=&#8221;#0c71c3&#8243; title_font_size=&#8221;33px&#8221; background_enable_color=&#8221;off&#8221; background_image=&#8221;http:\/\/adc.ruzivo.cal24.pl\/wp-content\/uploads\/2021\/03\/slid.jpg&#8221; hover_enabled=&#8221;0&#8243; title_text=&#8221;slid&#8221; sticky_enabled=&#8221;0&#8243;][\/et_pb_fullwidth_header][\/et_pb_section][et_pb_section fb_built=&#8221;1&#8243; _builder_version=&#8221;4.6.3&#8243; _module_preset=&#8221;default&#8221;][et_pb_row column_structure=&#8221;1_3,2_3&#8243; _builder_version=&#8221;4.6.3&#8243; _module_preset=&#8221;default&#8221; custom_padding=&#8221;0px||0px||false|false&#8221;][et_pb_column type=&#8221;1_3&#8243; _builder_version=&#8221;4.6.3&#8243; _module_preset=&#8221;default&#8221;][et_pb_text _builder_version=&#8221;4.6.3&#8243; _module_preset=&#8221;default&#8221; text_text_color=&#8221;#000000&#8243; text_font_size=&#8221;30px&#8221;]<\/p>\n<p>Jak mo\u017cemy pom\u00f3c ?<\/p>\n<p>[\/et_pb_text][\/et_pb_column][et_pb_column type=&#8221;2_3&#8243; _builder_version=&#8221;4.6.3&#8243; _module_preset=&#8221;default&#8221;][et_pb_divider color=&#8221;#c2c2c2&#8243; divider_position=&#8221;center&#8221; _builder_version=&#8221;4.6.3&#8243; _module_preset=&#8221;default&#8221; custom_margin=&#8221;|||-50px|false|false&#8221;][\/et_pb_divider][\/et_pb_column][\/et_pb_row][\/et_pb_section][et_pb_section fb_built=&#8221;1&#8243; _builder_version=&#8221;4.6.3&#8243; _module_preset=&#8221;default&#8221; custom_padding=&#8221;0px||||false|false&#8221;][et_pb_row _builder_version=&#8221;4.6.3&#8243; _module_preset=&#8221;default&#8221; custom_padding=&#8221;0px||0px||true|false&#8221;][et_pb_column type=&#8221;4_4&#8243; _builder_version=&#8221;4.6.3&#8243; _module_preset=&#8221;default&#8221;][et_pb_toggle title=&#8221;Kompleksowa obs\u0142uga stacji kontroli pojazd\u00f3w&#8221; icon_color=&#8221;#e02b20&#8243; _builder_version=&#8221;4.6.3&#8243; _module_preset=&#8221;default&#8221; custom_margin=&#8221;||5px||false|false&#8221;]<\/p>\n<ul>\n<li>Przegl\u0105dy okresowe<\/li>\n<li>Naprawa urz\u0105dze\u0144<\/li>\n<li>Legalizacja analizator\u00f3w spalin\u00a0<\/li>\n<li>Legalizacja przyrz\u0105d\u00f3w do pomopowania k\u00f3\u0142\u00a0<\/li>\n<\/ul>\n<p>Oferujemy urz\u0105dzenia zast\u0119pcze<\/p>\n<p>[\/et_pb_toggle][et_pb_toggle title=&#8221;Serwis urz\u0105dze\u0144 firmy MAHA&#8221; icon_color=&#8221;#e02b20&#8243; _builder_version=&#8221;4.6.3&#8243; _module_preset=&#8221;default&#8221; custom_margin=&#8221;||5px||false|false&#8221;]<\/p>\n<ul>\n<li>Przegl\u0105d<\/li>\n<li>Kalibracja<\/li>\n<li>Regeneracja<\/li>\n<li>Modernizacja<\/li>\n<\/ul>\n<p>[\/et_pb_toggle][et_pb_toggle title=&#8221;Serwis urz\u0105dze\u0144 diagnostycznych SKP&#8221; icon_color=&#8221;#e02b20&#8243; _builder_version=&#8221;4.6.3&#8243; _module_preset=&#8221;default&#8221; custom_margin=&#8221;||5px||false|false&#8221;]<\/p>\n<ul>\n<li>Przegl\u0105d<\/li>\n<li>Naprawa<\/li>\n<li>Kalibracja<\/li>\n<li>Regeneracja<\/li>\n<li>Modernizacja<\/li>\n<li>Monta\u017c<\/li>\n<\/ul>\n<p>[\/et_pb_toggle][et_pb_toggle title=&#8221;Serwis analizator\u00f3w spalin&#8221; icon_color=&#8221;#e02b20&#8243; _builder_version=&#8221;4.6.3&#8243; _module_preset=&#8221;default&#8221; custom_margin=&#8221;||5px||false|false&#8221;]<\/p>\n<ul>\n<li>Przegl\u0105d<\/li>\n<li>Naprawa<\/li>\n<li>Kalibracja<\/li>\n<li>Regeneracja<\/li>\n<li>Legalizacja<\/li>\n<\/ul>\n<p>[\/et_pb_toggle][et_pb_toggle title=&#8221;Przygotowanie stacji kontroli pojazd\u00f3w do odbioru TDT&#8221; icon_color=&#8221;#e02b20&#8243; _builder_version=&#8221;4.6.3&#8243; _module_preset=&#8221;default&#8221; custom_margin=&#8221;||5px||false|false&#8221;]<\/p>\n<ul>\n<li>Certyfikacja jednostkowa<\/li>\n<li>Kontrola dokumentacji<\/li>\n<li>Kontrola \u0142awy pomiarowej<\/li>\n<li>Przegl\u0105dy okresowe<\/li>\n<\/ul>\n<p>[\/et_pb_toggle][et_pb_toggle title=&#8221;Serwis podno\u015bnik\u00f3w samochodowych&#8221; icon_color=&#8221;#e02b20&#8243; _builder_version=&#8221;4.6.3&#8243; _module_preset=&#8221;default&#8221;]<\/p>\n<ul>\n<li>Monta\u017c<\/li>\n<li>Przegl\u0105d<\/li>\n<li>Naprawa<\/li>\n<li>Regeneracja<\/li>\n<li>Modernizacja<\/li>\n<li>Pomiary elektryczne<\/li>\n<li>Resurs<\/li>\n<li>Przegl\u0105d specjalny<\/li>\n<li>Odbiory UDT<\/li>\n<\/ul>\n<p>[\/et_pb_toggle][\/et_pb_column][\/et_pb_row][\/et_pb_section][et_pb_section fb_built=&#8221;1&#8243; _builder_version=&#8221;4.6.3&#8243; _module_preset=&#8221;default&#8221; background_enable_color=&#8221;off&#8221; background_image=&#8221;http:\/\/adc.ruzivo.cal24.pl\/wp-content\/uploads\/2021\/03\/ezgif.com-gif-maker-scaled.jpg&#8221; top_divider_style=&#8221;slant2&#8243; top_divider_color=&#8221;#ffffff&#8221; top_divider_height=&#8221;30px&#8221; hover_enabled=&#8221;0&#8243; title_text=&#8221;ezgif.com-gif-maker&#8221; sticky_enabled=&#8221;0&#8243;][et_pb_row column_structure=&#8221;3_5,2_5&#8243; _builder_version=&#8221;4.6.3&#8243; _module_preset=&#8221;default&#8221; custom_padding=&#8221;0px||0px||true|false&#8221;][et_pb_column type=&#8221;3_5&#8243; _builder_version=&#8221;4.6.3&#8243; _module_preset=&#8221;default&#8221;][et_pb_blurb title=&#8221;Masz pytania ?&#8221; use_icon=&#8221;on&#8221; font_icon=&#8221;%%83%%&#8221; icon_color=&#8221;#e02b20&#8243; icon_placement=&#8221;left&#8221; _builder_version=&#8221;4.6.3&#8243; _module_preset=&#8221;default&#8221; header_font=&#8221;|600|||||||&#8221; header_text_color=&#8221;#ffffff&#8221; header_font_size=&#8221;20px&#8221; body_text_color=&#8221;#ffffff&#8221; body_font_size=&#8221;15px&#8221;]<\/p>\n<p>Skontaktuj si\u0119 z nami.<br \/> <span style=\"color: #ff0000;\">___________________<\/span><\/p>\n<p><span style=\"color: #ff0000;\">+48 123456789<\/span><\/p>\n<p><span style=\"color: #ff0000;\">biuro@autodc.pl<\/span><\/p>\n<p>&nbsp;<\/p>\n<p>[\/et_pb_blurb][\/et_pb_column][et_pb_column type=&#8221;2_5&#8243; _builder_version=&#8221;4.6.3&#8243; _module_preset=&#8221;default&#8221;][et_pb_button button_url=&#8221;@ET-DC@eyJkeW5hbWljIjp0cnVlLCJjb250ZW50IjoicG9zdF9saW5rX3VybF9wYWdlIiwic2V0dGluZ3MiOnsicG9zdF9pZCI6IjExNiJ9fQ==@&#8221; button_text=&#8221;Formularz kontaktowy&#8221; button_alignment=&#8221;center&#8221; _builder_version=&#8221;4.6.3&#8243; _dynamic_attributes=&#8221;button_url&#8221; _module_preset=&#8221;default&#8221; custom_button=&#8221;on&#8221; button_text_color=&#8221;#ffffff&#8221; button_bg_color=&#8221;#e02b20&#8243; button_border_color=&#8221;rgba(0,0,0,0)&#8221; button_border_radius=&#8221;5px&#8221; custom_margin=&#8221;70px||||false|false&#8221;][\/et_pb_button][\/et_pb_column][\/et_pb_row][\/et_pb_section]<\/p>\n","protected":false},"excerpt":{"rendered":"<p>[et_pb_section fb_built=&#8221;1&#8243; fullwidth=&#8221;on&#8221; _builder_version=&#8221;4.6.3&#8243; _module_preset=&#8221;default&#8221;][et_pb_fullwidth_header title=&#8221;@ET-DC@eyJkeW5hbWljIjp0cnVlLCJjb250ZW50IjoicG9zdF90aXRsZSIsInNldHRpbmdzIjp7ImJlZm9yZSI6IiIsImFmdGVyIjoiIn19@&#8221; _builder_version=&#8221;4.6.3&#8243; _dynamic_attributes=&#8221;title&#8221; _module_preset=&#8221;default&#8221; title_font=&#8221;||||||||&#8221; title_text_color=&#8221;#0c71c3&#8243; title_font_size=&#8221;33px&#8221; background_enable_color=&#8221;off&#8221; background_image=&#8221;http:\/\/adc.ruzivo.cal24.pl\/wp-content\/uploads\/2021\/03\/slid.jpg&#8221; hover_enabled=&#8221;0&#8243; title_text=&#8221;slid&#8221; sticky_enabled=&#8221;0&#8243;][\/et_pb_fullwidth_header][\/et_pb_section][et_pb_section fb_built=&#8221;1&#8243; _builder_version=&#8221;4.6.3&#8243; _module_preset=&#8221;default&#8221;][et_pb_row column_structure=&#8221;1_3,2_3&#8243; _builder_version=&#8221;4.6.3&#8243; _module_preset=&#8221;default&#8221; custom_padding=&#8221;0px||0px||false|false&#8221;][et_pb_column type=&#8221;1_3&#8243; _builder_version=&#8221;4.6.3&#8243; _module_preset=&#8221;default&#8221;][et_pb_text _builder_version=&#8221;4.6.3&#8243; _module_preset=&#8221;default&#8221; text_text_color=&#8221;#000000&#8243; text_font_size=&#8221;30px&#8221;] Jak mo\u017cemy pom\u00f3c ? [\/et_pb_text][\/et_pb_column][et_pb_column type=&#8221;2_3&#8243; _builder_version=&#8221;4.6.3&#8243; _module_preset=&#8221;default&#8221;][et_pb_divider color=&#8221;#c2c2c2&#8243; divider_position=&#8221;center&#8221; _builder_version=&#8221;4.6.3&#8243; _module_preset=&#8221;default&#8221; custom_margin=&#8221;|||-50px|false|false&#8221;][\/et_pb_divider][\/et_pb_column][\/et_pb_row][\/et_pb_section][et_pb_section fb_built=&#8221;1&#8243; _builder_version=&#8221;4.6.3&#8243; _module_preset=&#8221;default&#8221; custom_padding=&#8221;0px||||false|false&#8221;][et_pb_row _builder_version=&#8221;4.6.3&#8243; _module_preset=&#8221;default&#8221; custom_padding=&#8221;0px||0px||true|false&#8221;][et_pb_column type=&#8221;4_4&#8243; _builder_version=&#8221;4.6.3&#8243; _module_preset=&#8221;default&#8221;][et_pb_toggle title=&#8221;Kompleksowa [&hellip;]<\/p>\n","protected":false},"author":1,"featured_media":0,"parent":0,"menu_order":0,"comment_status":"closed","ping_status":"closed","template":"","meta":{"_et_pb_use_builder":"on","_et_pb_old_content":"","_et_gb_content_width":"","footnotes":""},"_links":{"self":[{"href":"https:\/\/adc.ruzivo.cal24.pl\/index.php?rest_route=\/wp\/v2\/pages\/134"}],"collection":[{"href":"https:\/\/adc.ruzivo.cal24.pl\/index.php?rest_route=\/wp\/v2\/pages"}],"about":[{"href":"https:\/\/adc.ruzivo.cal24.pl\/index.php?rest_route=\/wp\/v2\/types\/page"}],"author":[{"embeddable":true,"href":"https:\/\/adc.ruzivo.cal24.pl\/index.php?rest_route=\/wp\/v2\/users\/1"}],"replies":[{"embeddable":true,"href":"https:\/\/adc.ruzivo.cal24.pl\/index.php?rest_route=%2Fwp%2Fv2%2Fcomments&post=134"}],"version-history":[{"count":17,"href":"https:\/\/adc.ruzivo.cal24.pl\/index.php?rest_route=\/wp\/v2\/pages\/134\/revisions"}],"predecessor-version":[{"id":694,"href":"https:\/\/adc.ruzivo.cal24.pl\/index.php?rest_route=\/wp\/v2\/pages\/134\/revisions\/694"}],"wp:attachment":[{"href":"https:\/\/adc.ruzivo.cal24.pl\/index.php?rest_route=%2Fwp%2Fv2%2Fmedia&parent=134"}],"curies":[{"name":"wp","href":"https:\/\/api.w.org\/{rel}","templated":true}]}}